{"id":329,"date":"2025-05-15T13:38:53","date_gmt":"2025-05-15T13:38:53","guid":{"rendered":"https:\/\/emirkaanizci.com\/ueber-mich\/"},"modified":"2025-06-16T14:36:02","modified_gmt":"2025-06-16T14:36:02","slug":"ueber-mich","status":"publish","type":"page","link":"https:\/\/emirkaanizci.com\/de\/ueber-mich\/","title":{"rendered":"\u00dcber mich"},"content":{"rendered":"\n<h3 class=\"wp-block-heading\">Doz. Dr. Emir Kaan \u0130zci \u2013 Facharzt f\u00fcr Gehirn-, Wirbels\u00e4ulen- und Nervenchirurgie<\/h3>\n\n<p>Lernen Sie einen Arzt kennen, dem Sie Ihre Gesundheit anvertrauen k\u00f6nnen. Ich bin <strong>Doz. Dr. Emir Kaan \u0130zci<\/strong>, und mit \u00fcber 14 Jahren Erfahrung in der Gehirn-, Wirbels\u00e4ulen- und Nervenchirurgie biete ich meinen gesch\u00e4tzten Patienten die aktuellsten und effektivsten Behandlungsmethoden der modernen Medizin. Derzeit bin ich im <strong>Konya Ba\u015fkent Universit\u00e4tsklinikum<\/strong> t\u00e4tig und versorge meine Patienten mit einem ethischen, wissenschaftlichen und patientenorientierten Ansatz.<\/p>\n\n<h3 class=\"wp-block-heading\">Mein beruflicher Werdegang und mein Ziel<\/h3>\n\n<p>Seit meiner medizinischen Ausbildung ist es mein gr\u00f6\u00dftes Ziel, die Lebensqualit\u00e4t meiner Patienten zu verbessern und sie sicher in eine gesunde Zukunft zu f\u00fchren. Zu diesem Zweck lege ich nicht nur Wert auf Diagnose- und Behandlungsprozesse, sondern auch auf die Aufkl\u00e4rung meiner Patienten, ihre Beteiligung am Prozess und ihre F\u00e4higkeit, fundierte Entscheidungen zu treffen.<\/p>\n\n<p>Ich verfolge die sich jedes Jahr weiterentwickelnden chirurgischen Techniken und medizinischen Technologien genau und integriere diese Innovationen zum Wohle der Patienten in die klinische Praxis.<\/p>\n\n<h3 class=\"wp-block-heading\">Mein Spezialgebiet: <strong>Vollendoskopische Bandscheibenoperation (Full Endoscopic Discectomy)<\/strong><\/h3>\n\n<p>Ein Bandscheibenvorfall ist eine Erkrankung, die entsteht, wenn die Bandscheiben der Wirbels\u00e4ule verrutschen und Druck auf die Nerven aus\u00fcben, was die Lebensqualit\u00e4t erheblich beeintr\u00e4chtigt. In diesem Fall klagen die Patienten h\u00e4ufig \u00fcber starke Schmerzen, die in die H\u00fcfte und die Beine ausstrahlen.<\/p>\n\n<p>Eine der modernsten und effektivsten Methoden auf diesem Gebiet ist die <strong>vollendoskopische Bandscheibenoperation<\/strong>, in der medizinischen Fachliteratur auch als <em>Full Endoscopic Discectomy<\/em> bekannt. Bei dieser minimalinvasiven Operationstechnik wird der Eingriff mit Hilfe einer endoskopischen Kamera durch einen sehr kleinen Schnitt durchgef\u00fchrt. Diese Methode, die ohne Sch\u00e4digung von Muskeln, Bindegewebe und Knochen auskommt, erm\u00f6glicht es den Patienten, nach der Operation weniger Schmerzen zu haben und sich viel schneller zu erholen.<\/p>\n\n<p>\u2714 Die Operationsdauer betr\u00e4gt durchschnittlich 45 Minuten<br\/>\u2714 Kann unter lokaler oder Vollnarkose durchgef\u00fchrt werden (Ich bevorzuge die Vollnarkose)<br\/>\u2714 Der Patient kann innerhalb von 2 Stunden aufstehen<br\/>\u2714 Die Entlassung erfolgt am selben oder am n\u00e4chsten Tag<br\/>\u2714 Der Heilungsprozess ist im Vergleich zu herk\u00f6mmlichen Operationen viel k\u00fcrzer<br\/>\u2714 Das Infektionsrisiko ist extrem gering<\/p>\n\n<h3 class=\"wp-block-heading\">F\u00fcr wen ist es geeignet?<\/h3>\n\n<p>Diese Methode kann bei 90 % der Patienten, die aufgrund eines Bandscheibenvorfalls operiert werden m\u00fcssen, sicher angewendet werden. Sie bietet besonders hohe Erfolgsraten bei geplatzten Bandscheiben, rezidivierenden Bandscheibenvorf\u00e4llen und \u00fcbergewichtigen Personen. Bei fortgeschrittener Spinalkanalstenose oder schwerer Verkalkung k\u00f6nnen jedoch andere Operationstechniken bevorzugt werden.<\/p>\n\n<h3 class=\"wp-block-heading\">Warum ich diese Methode bevorzuge<\/h3>\n\n<p>Die vollendoskopische Bandscheibenoperation verbessert im Vergleich zu klassischen offenen Operationen sowohl den Patientenkomfort als auch den chirurgischen Erfolg erheblich. Aus diesem Grund wird sie auf internationalen Plattformen (insbesondere in L\u00e4ndern wie S\u00fcdkorea, Amerika, Deutschland und China) weit verbreitet angewendet und st\u00e4ndig weiterentwickelt. Die Wirksamkeit dieser Methode wurde auch durch die 2016 gegr\u00fcndete ISESS (International Society of Endoscopic Spine Surgery) auf eine wissenschaftliche Grundlage gestellt.<\/p>\n\n<h3 class=\"wp-block-heading\">Unser Team<\/h3>\n\n<p>Erfolg ist keine Einzelleistung, sondern Teamarbeit. Ich arbeite mit einem Team von Fachexperten, die Wert auf Patientenkommunikation legen und sich an ethische Grunds\u00e4tze halten. Wir handeln in allen Diagnose- und Behandlungsprozessen gemeinsam und bieten unseren Patienten einen ganzheitlichen Ansatz.<\/p>\n\n<h3 class=\"wp-block-heading\">Wie k\u00f6nnen wir Ihnen helfen?<\/h3>\n\n<ul class=\"wp-block-list\">\n<li>Diagnose und Behandlung von Bandscheibenvorf\u00e4llen im Lenden- und Halsbereich<\/li>\n\n\n\n<li>Endoskopische Bandscheibenoperation (Vollendoskopische Technik)<\/li>\n\n\n\n<li>Nervenkompressionen und Spinalkanalstenosen<\/li>\n\n\n\n<li>Nicht-chirurgische L\u00f6sungsans\u00e4tze und \u00dcberweisungen zur Physiotherapie<\/li>\n\n\n\n<li>Zweitmeinungsbeurteilungen<\/li>\n<\/ul>\n\n<h3 class=\"wp-block-heading\">Was unsere Patienten sagen<\/h3>\n\n<p>Das positive Feedback unserer Patienten nach der Behandlung ist unsere gr\u00f6\u00dfte Motivationsquelle. Der Operationsverlauf, die Erkl\u00e4rungen, die engmaschige Nachsorge und das Vertrauen zwischen Patient und Arzt waren schon immer unser oberstes Prinzip.<\/p>\n\n<hr class=\"wp-block-separator has-alpha-channel-opacity\"\/>\n\n<p><strong>Verschieben Sie Ihre Gesundheit nicht.<\/strong><br\/>Sie k\u00f6nnen uns f\u00fcr eine Beratung oder einen Termin bez\u00fcglich Ihrer Probleme mit R\u00fccken, Nacken oder Nerven kontaktieren.<br\/>Als <strong>Doz. Dr. Emir Kaan \u0130zci<\/strong> bin ich hier, um Ihnen einen sicheren, schnellen und effektiven Behandlungsprozess zu bieten.<\/p>\n","protected":false},"excerpt":{"rendered":"<p>Doz. Dr. Emir Kaan \u0130zci \u2013 Facharzt f\u00fcr Gehirn-, Wirbels\u00e4ulen- und Nervenchirurgie Lernen Sie einen Arzt kennen, dem Sie Ihre Gesundheit anvertrauen k\u00f6nnen. Ich bin Doz. Dr. Emir Kaan \u0130zci, und mit \u00fcber 14 Jahren Erfahrung in der Gehirn-, Wirbels\u00e4ulen- und Nervenchirurgie biete ich meinen gesch\u00e4tzten Patienten die aktuellsten und effektivsten Behandlungsmethoden der modernen Medizin. [&hellip;]<\/p>\n","protected":false},"author":1,"featured_media":0,"parent":0,"menu_order":0,"comment_status":"closed","ping_status":"closed","template":"","meta":{"footnotes":""},"class_list":["post-329","page","type-page","status-publish","hentry"],"_links":{"self":[{"href":"https:\/\/emirkaanizci.com\/de\/wp-json\/wp\/v2\/pages\/329","targetHints":{"allow":["GET"]}}],"collection":[{"href":"https:\/\/emirkaanizci.com\/de\/wp-json\/wp\/v2\/pages"}],"about":[{"href":"https:\/\/emirkaanizci.com\/de\/wp-json\/wp\/v2\/types\/page"}],"author":[{"embeddable":true,"href":"https:\/\/emirkaanizci.com\/de\/wp-json\/wp\/v2\/users\/1"}],"replies":[{"embeddable":true,"href":"https:\/\/emirkaanizci.com\/de\/wp-json\/wp\/v2\/comments?post=329"}],"version-history":[{"count":1,"href":"https:\/\/emirkaanizci.com\/de\/wp-json\/wp\/v2\/pages\/329\/revisions"}],"predecessor-version":[{"id":330,"href":"https:\/\/emirkaanizci.com\/de\/wp-json\/wp\/v2\/pages\/329\/revisions\/330"}],"wp:attachment":[{"href":"https:\/\/emirkaanizci.com\/de\/wp-json\/wp\/v2\/media?parent=329"}],"curies":[{"name":"wp","href":"https:\/\/api.w.org\/{rel}","templated":true}]}}