{"id":333,"date":"2025-05-15T14:17:51","date_gmt":"2025-05-15T14:17:51","guid":{"rendered":"https:\/\/emirkaanizci.com\/wirbelgleiten-spondylolisthesis\/"},"modified":"2025-06-16T16:04:18","modified_gmt":"2025-06-16T16:04:18","slug":"wirbelgleiten-spondylolisthesis","status":"publish","type":"page","link":"https:\/\/emirkaanizci.com\/de\/wirbelgleiten-spondylolisthesis\/","title":{"rendered":"Wirbelgleiten (Spondylolisthesis)"},"content":{"rendered":"\n<figure class=\"wp-block-image size-large\"><img loading=\"lazy\" decoding=\"async\" width=\"1024\" height=\"521\" src=\"https:\/\/emirkaanizci.com\/wp-content\/uploads\/2025\/05\/emir-kaan-izci-beyin-cerrahi-konya-bel-kaymasi-1024x521.webp\" alt=\"Wirbelgleiten (Spondylolisthesis)\" class=\"wp-image-56\" title=\"\" srcset=\"https:\/\/emirkaanizci.com\/wp-content\/uploads\/2025\/05\/emir-kaan-izci-beyin-cerrahi-konya-bel-kaymasi-1024x521.webp 1024w, https:\/\/emirkaanizci.com\/wp-content\/uploads\/2025\/05\/emir-kaan-izci-beyin-cerrahi-konya-bel-kaymasi-300x153.webp 300w, https:\/\/emirkaanizci.com\/wp-content\/uploads\/2025\/05\/emir-kaan-izci-beyin-cerrahi-konya-bel-kaymasi-768x391.webp 768w, https:\/\/emirkaanizci.com\/wp-content\/uploads\/2025\/05\/emir-kaan-izci-beyin-cerrahi-konya-bel-kaymasi.webp 1180w\" sizes=\"auto, (max-width: 1024px) 100vw, 1024px\" \/><\/figure>\n\n<h3 class=\"wp-block-heading\"><strong>Was sind die Symptome von Wirbelgleiten?<\/strong><\/h3>\n\n<ul class=\"wp-block-list\">\n<li>Chronische R\u00fcckenschmerzen<\/li>\n\n\n\n<li>Schmerzen, die bei l\u00e4ngerem Stehen zunehmen<\/li>\n\n\n\n<li>Taubheit, Kribbeln in den Beinen<\/li>\n\n\n\n<li>Schw\u00e4chegef\u00fchl in der H\u00fcfte oder im Bein<\/li>\n\n\n\n<li>Schwierigkeiten beim B\u00fccken und Stehen<\/li>\n\n\n\n<li>Fortgeschrittene Gangst\u00f6rung<\/li>\n<\/ul>\n\n<p>Bei einigen Patienten k\u00f6nnen keine Symptome auftreten, daher wird die Diagnose oft durch bildgebende Verfahren gestellt.<\/p>\n\n<hr class=\"wp-block-separator has-alpha-channel-opacity\"\/>\n\n<h3 class=\"wp-block-heading\"><strong>Wie wird Wirbelgleiten behandelt?<\/strong><\/h3>\n\n<p>Die Behandlung wird je nach Grad des Gleitens und dem Beschwerdegrad des Patienten festgelegt:<\/p>\n\n<ul class=\"wp-block-list\">\n<li><strong>Medikament\u00f6se Behandlung:<\/strong> Medikamente zur Linderung von Schmerzen und Entz\u00fcndungen<\/li>\n\n\n\n<li><strong>Physiotherapie:<\/strong> St\u00e4rkung der Muskulatur und des Wirbels\u00e4ulenst\u00fctzsystems<\/li>\n\n\n\n<li><strong>Verwendung einer Orthese:<\/strong> Wird zur kurzfristigen Entlastung der R\u00fcckenmuskulatur empfohlen<\/li>\n\n\n\n<li><strong>\u00dcbungsprogramm:<\/strong> Spezielle Programme zur St\u00e4rkung der umgebenden Wirbels\u00e4ulenmuskulatur<\/li>\n\n\n\n<li><strong>Chirurgischer Eingriff:<\/strong> In fortgeschrittenen F\u00e4llen und bei Nervenkompression kann eine Operation erforderlich sein<\/li>\n<\/ul>\n\n<hr class=\"wp-block-separator has-alpha-channel-opacity\"\/>\n\n<h3 class=\"wp-block-heading\"><strong>Operation und Nachsorge<\/strong><\/h3>\n\n<p><strong>Endoskopische oder offene lumbale Stabilisierung<\/strong><\/p>\n\n<ul class=\"wp-block-list\">\n<li><strong>Technik:<\/strong> Es werden Materialien wie Schrauben und Platten verwendet, um den verschobenen Wirbel zu stabilisieren und die Nerven zu entlasten.<\/li>\n\n\n\n<li><strong>Verfahren:<\/strong> Es handelt sich um eine Operation, die in der Regel 2\u20133 Stunden dauert.<\/li>\n\n\n\n<li><strong>Operationsmethode:<\/strong> Kann mit einer offenen oder minimalinvasiven Technik durchgef\u00fchrt werden.<\/li>\n\n\n\n<li><strong>Genesungsprozess:<\/strong> Nach einem 1\u20132-t\u00e4gigen Krankenhausaufenthalt ist eine R\u00fcckkehr zum normalen Leben innerhalb von 6\u20138 Wochen m\u00f6glich.<\/li>\n<\/ul>\n\n<p>Doz. Dr. Emir Kaan \u0130zci bevorzugt bei geeigneten F\u00e4llen geschlossene Operationstechniken, die weniger Gewebesch\u00e4den verursachen und eine schnellere Genesung erm\u00f6glichen.<\/p>\n\n<hr class=\"wp-block-separator has-alpha-channel-opacity\"\/>\n\n<h3 class=\"wp-block-heading\"><strong>\u00dcbungen f\u00fcr Wirbelgleiten<\/strong><\/h3>\n\n<p>(\u26a0\ufe0f Sollte auf Empfehlung Ihres Arztes durchgef\u00fchrt werden.)<\/p>\n\n<ul class=\"wp-block-list\">\n<li><strong>Beckenkippung:<\/strong> Eine Bewegung zur Begradigung des R\u00fcckens im Liegen auf dem Boden<\/li>\n\n\n\n<li><strong>Br\u00fccken\u00fcbung:<\/strong> Eine muskelst\u00e4rkende Bewegung durch Anheben der H\u00fcfte vom Boden<\/li>\n\n\n\n<li><strong>Knie-zur-Brust-Dehnung:<\/strong> Ein Knie im Liegen zur Brust ziehen<\/li>\n\n\n\n<li><strong>Katze-Kamel-\u00dcbung:<\/strong> R\u00fcckenbeuge- und Dehnungsbewegungen in der Knieposition zur Erh\u00f6hung der R\u00fcckenflexibilit\u00e4t<\/li>\n<\/ul>\n\n<hr class=\"wp-block-separator has-alpha-channel-opacity\"\/>\n\n<h3 class=\"wp-block-heading\"><strong>Fazit<\/strong><\/h3>\n\n<p>Wirbelgleiten kann durch fr\u00fchzeitige Diagnose und angemessene Behandlung von seinen die Lebensqualit\u00e4t beeintr\u00e4chtigenden Auswirkungen befreit werden. Patienten k\u00f6nnen sowohl durch Physiotherapie als auch durch einen chirurgischen Eingriff wieder ein gesundes Leben f\u00fchren.<\/p>\n\n<p><strong>Doz. Dr. Emir Kaan \u0130zci<\/strong> bietet im Konya Ba\u015fkent Universit\u00e4tsklinikum Dienstleistungen mit den modernsten Methoden zur Diagnose und Behandlung von Wirbelgleiten an. Wenn Sie R\u00fcckenschmerzen haben, vereinbaren Sie rechtzeitig einen Termin und machen Sie noch heute den ersten Schritt f\u00fcr Ihre Gesundheit.<\/p>\n","protected":false},"excerpt":{"rendered":"<p>Was sind die Symptome von Wirbelgleiten? Bei einigen Patienten k\u00f6nnen keine Symptome auftreten, daher wird die Diagnose oft durch bildgebende Verfahren gestellt. Wie wird Wirbelgleiten behandelt? Die Behandlung wird je nach Grad des Gleitens und dem Beschwerdegrad des Patienten festgelegt: Operation und Nachsorge Endoskopische oder offene lumbale Stabilisierung Doz. Dr. Emir Kaan \u0130zci bevorzugt bei [&hellip;]<\/p>\n","protected":false},"author":1,"featured_media":222,"parent":0,"menu_order":0,"comment_status":"closed","ping_status":"closed","template":"","meta":{"footnotes":""},"class_list":["post-333","page","type-page","status-publish","has-post-thumbnail","hentry"],"_links":{"self":[{"href":"https:\/\/emirkaanizci.com\/de\/wp-json\/wp\/v2\/pages\/333","targetHints":{"allow":["GET"]}}],"collection":[{"href":"https:\/\/emirkaanizci.com\/de\/wp-json\/wp\/v2\/pages"}],"about":[{"href":"https:\/\/emirkaanizci.com\/de\/wp-json\/wp\/v2\/types\/page"}],"author":[{"embeddable":true,"href":"https:\/\/emirkaanizci.com\/de\/wp-json\/wp\/v2\/users\/1"}],"replies":[{"embeddable":true,"href":"https:\/\/emirkaanizci.com\/de\/wp-json\/wp\/v2\/comments?post=333"}],"version-history":[{"count":1,"href":"https:\/\/emirkaanizci.com\/de\/wp-json\/wp\/v2\/pages\/333\/revisions"}],"predecessor-version":[{"id":334,"href":"https:\/\/emirkaanizci.com\/de\/wp-json\/wp\/v2\/pages\/333\/revisions\/334"}],"wp:featuredmedia":[{"embeddable":true,"href":"https:\/\/emirkaanizci.com\/de\/wp-json\/wp\/v2\/media\/222"}],"wp:attachment":[{"href":"https:\/\/emirkaanizci.com\/de\/wp-json\/wp\/v2\/media?parent=333"}],"curies":[{"name":"wp","href":"https:\/\/api.w.org\/{rel}","templated":true}]}}