{"id":339,"date":"2025-05-15T14:20:50","date_gmt":"2025-05-15T14:20:50","guid":{"rendered":"https:\/\/emirkaanizci.com\/gehirntumore\/"},"modified":"2025-06-16T16:04:18","modified_gmt":"2025-06-16T16:04:18","slug":"gehirntumore","status":"publish","type":"page","link":"https:\/\/emirkaanizci.com\/de\/gehirntumore\/","title":{"rendered":"Gehirntumore"},"content":{"rendered":"\n<figure class=\"wp-block-image size-large\"><img loading=\"lazy\" decoding=\"async\" width=\"1024\" height=\"521\" src=\"https:\/\/emirkaanizci.com\/wp-content\/uploads\/2025\/05\/emir-kaan-izci-beyin-cerrahi-konya-beyin-tumoru-1024x521.webp\" alt=\"Gehirntumore\" class=\"wp-image-59\" title=\"\" srcset=\"https:\/\/emirkaanizci.com\/wp-content\/uploads\/2025\/05\/emir-kaan-izci-beyin-cerrahi-konya-beyin-tumoru-1024x521.webp 1024w, https:\/\/emirkaanizci.com\/wp-content\/uploads\/2025\/05\/emir-kaan-izci-beyin-cerrahi-konya-beyin-tumoru-300x153.webp 300w, https:\/\/emirkaanizci.com\/wp-content\/uploads\/2025\/05\/emir-kaan-izci-beyin-cerrahi-konya-beyin-tumoru-768x391.webp 768w, https:\/\/emirkaanizci.com\/wp-content\/uploads\/2025\/05\/emir-kaan-izci-beyin-cerrahi-konya-beyin-tumoru.webp 1180w\" sizes=\"auto, (max-width: 1024px) 100vw, 1024px\" \/><\/figure>\n\n<h3 class=\"wp-block-heading\"><strong>Was sind die Symptome von Hirntumoren?<\/strong><\/h3>\n\n<p>Die Symptome von Hirntumoren k\u00f6nnen je nach Lage, Gr\u00f6\u00dfe und dem betroffenen Hirnareal variieren:<\/p>\n\n<ul class=\"wp-block-list\">\n<li>Kopfschmerzen (besonders morgens st\u00e4rker)<\/li>\n\n\n\n<li>\u00dcbelkeit und Erbrechen<\/li>\n\n\n\n<li>Seh-, Sprach- oder H\u00f6rst\u00f6rungen<\/li>\n\n\n\n<li>Gleichgewichts- und Gangschwierigkeiten<\/li>\n\n\n\n<li>Ged\u00e4chtnisprobleme<\/li>\n\n\n\n<li>Pers\u00f6nlichkeitsver\u00e4nderungen<\/li>\n\n\n\n<li>Anf\u00e4lle (Epilepsie)<\/li>\n\n\n\n<li>Schw\u00e4che oder Taubheit auf einer K\u00f6rperseite<\/li>\n<\/ul>\n\n<p>Jedes Symptom kann auch ein Anzeichen f\u00fcr eine andere Krankheit sein, aber bei solchen Symptomen sollte unbedingt ein Neurochirurg aufgesucht werden.<\/p>\n\n<hr class=\"wp-block-separator has-alpha-channel-opacity\"\/>\n\n<h3 class=\"wp-block-heading\"><strong>Wie wird ein Hirntumor behandelt?<\/strong><\/h3>\n\n<p>Der Behandlungsplan variiert je nach Art (gutartig\/b\u00f6sartig), Lage und Gr\u00f6\u00dfe des Tumors:<\/p>\n\n<ul class=\"wp-block-list\">\n<li><strong>Chirurgischer Eingriff:<\/strong> Entfernung des Tumors. Mikroskopische und endoskopische Verfahren werden h\u00e4ufig bevorzugt.<\/li>\n\n\n\n<li><strong>Strahlentherapie:<\/strong> Wird insbesondere bei b\u00f6sartigen Tumoren eingesetzt, um Tumorzellen abzut\u00f6ten.<\/li>\n\n\n\n<li><strong>Chemotherapie:<\/strong> Zielt darauf ab, das Wachstum von Zellen bei einigen b\u00f6sartigen Tumoren medikament\u00f6s zu stoppen.<\/li>\n\n\n\n<li><strong>Nachsorge:<\/strong> Bei einigen gutartigen und langsam wachsenden Tumoren k\u00f6nnen in regelm\u00e4\u00dfigen Abst\u00e4nden MRT-Kontrollen durchgef\u00fchrt werden.<\/li>\n<\/ul>\n\n<p>Doz. Dr. Emir Kaan \u0130zci legt gr\u00f6\u00dften Wert auf die Sicherheit der Patienten und den Behandlungserfolg, indem er hochpr\u00e4zise chirurgische Techniken und fortschrittliche Bildgebungsverfahren einsetzt.<\/p>\n\n<hr class=\"wp-block-separator has-alpha-channel-opacity\"\/>\n\n<h3 class=\"wp-block-heading\"><strong>Operation und Nachsorge<\/strong><\/h3>\n\n<ul class=\"wp-block-list\">\n<li><strong>Operationsdauer:<\/strong> Kann je nach Lage des Tumors in der Regel zwischen 2 und 6 Stunden dauern.<\/li>\n\n\n\n<li><strong>Methode:<\/strong> Es kann eine offene Kraniotomie oder eine endoskopische Technik angewendet werden.<\/li>\n\n\n\n<li><strong>Genesung:<\/strong> Nach der Operation kann ein mehrt\u00e4giger Krankenhausaufenthalt erforderlich sein. Wenn Sprache, Gleichgewicht oder motorische F\u00e4higkeiten beeintr\u00e4chtigt sind, wird ein neurologischer Rehabilitationsprozess eingeleitet.<\/li>\n\n\n\n<li><strong>Kontrollen:<\/strong> Im ersten Monat und danach werden MRT-Kontrollen in 3-6-monatigen Abst\u00e4nden empfohlen.<\/li>\n<\/ul>\n\n<hr class=\"wp-block-separator has-alpha-channel-opacity\"\/>\n\n<h3 class=\"wp-block-heading\"><strong>Unterst\u00fctzende \u00dcbungen und Pflege<\/strong><\/h3>\n\n<p>Zur Unterst\u00fctzung der k\u00f6rperlichen und geistigen Genesung nach einem Hirntumor:<\/p>\n\n<ul class=\"wp-block-list\">\n<li>Leichte Spazierg\u00e4nge und Gleichgewichts\u00fcbungen<\/li>\n\n\n\n<li>Aufmerksamkeits- und Ged\u00e4chtnis\u00fcbungen (R\u00e4tsel l\u00f6sen, schreiben)<\/li>\n\n\n\n<li>Atem\u00fcbungen<\/li>\n\n\n\n<li>Gef\u00fchrte Physiotherapie<\/li>\n<\/ul>\n\n<hr class=\"wp-block-separator has-alpha-channel-opacity\"\/>\n\n<h3 class=\"wp-block-heading\"><strong>Fazit<\/strong><\/h3>\n\n<p>Hirntumore k\u00f6nnen durch fr\u00fchzeitige Diagnose und richtige Intervention unter Kontrolle gebracht oder vollst\u00e4ndig geheilt werden. Dank moderner chirurgischer Techniken wurden die Patientensicherheit und die Lebensqualit\u00e4t erheblich verbessert.<\/p>\n\n<p><strong>Doz. Dr. Emir Kaan \u0130zci<\/strong> betreut seine Patienten im Konya Ba\u015fkent Universit\u00e4tsklinikum mit aktuellen Technologien und multidisziplin\u00e4ren Ans\u00e4tzen bei der Behandlung von Hirntumoren. Wenn Sie Beschwerden haben, holen Sie sich umgehend fachkundigen Rat ein \u2013 machen Sie den richtigen Schritt f\u00fcr Ihre Gesundheit!<\/p>\n","protected":false},"excerpt":{"rendered":"<p>Was sind die Symptome von Hirntumoren? Die Symptome von Hirntumoren k\u00f6nnen je nach Lage, Gr\u00f6\u00dfe und dem betroffenen Hirnareal variieren: Jedes Symptom kann auch ein Anzeichen f\u00fcr eine andere Krankheit sein, aber bei solchen Symptomen sollte unbedingt ein Neurochirurg aufgesucht werden. Wie wird ein Hirntumor behandelt? Der Behandlungsplan variiert je nach Art (gutartig\/b\u00f6sartig), Lage und [&hellip;]<\/p>\n","protected":false},"author":1,"featured_media":225,"parent":0,"menu_order":0,"comment_status":"closed","ping_status":"closed","template":"","meta":{"footnotes":""},"class_list":["post-339","page","type-page","status-publish","has-post-thumbnail","hentry"],"_links":{"self":[{"href":"https:\/\/emirkaanizci.com\/de\/wp-json\/wp\/v2\/pages\/339","targetHints":{"allow":["GET"]}}],"collection":[{"href":"https:\/\/emirkaanizci.com\/de\/wp-json\/wp\/v2\/pages"}],"about":[{"href":"https:\/\/emirkaanizci.com\/de\/wp-json\/wp\/v2\/types\/page"}],"author":[{"embeddable":true,"href":"https:\/\/emirkaanizci.com\/de\/wp-json\/wp\/v2\/users\/1"}],"replies":[{"embeddable":true,"href":"https:\/\/emirkaanizci.com\/de\/wp-json\/wp\/v2\/comments?post=339"}],"version-history":[{"count":1,"href":"https:\/\/emirkaanizci.com\/de\/wp-json\/wp\/v2\/pages\/339\/revisions"}],"predecessor-version":[{"id":340,"href":"https:\/\/emirkaanizci.com\/de\/wp-json\/wp\/v2\/pages\/339\/revisions\/340"}],"wp:featuredmedia":[{"embeddable":true,"href":"https:\/\/emirkaanizci.com\/de\/wp-json\/wp\/v2\/media\/225"}],"wp:attachment":[{"href":"https:\/\/emirkaanizci.com\/de\/wp-json\/wp\/v2\/media?parent=339"}],"curies":[{"name":"wp","href":"https:\/\/api.w.org\/{rel}","templated":true}]}}