{"id":345,"date":"2025-05-15T14:23:14","date_gmt":"2025-05-15T14:23:14","guid":{"rendered":"https:\/\/emirkaanizci.com\/spinalkanalstenose-spinalstenose\/"},"modified":"2025-06-16T16:04:19","modified_gmt":"2025-06-16T16:04:19","slug":"spinalkanalstenose-spinalstenose","status":"publish","type":"page","link":"https:\/\/emirkaanizci.com\/de\/spinalkanalstenose-spinalstenose\/","title":{"rendered":"Spinalkanalstenose (Spinalstenose)"},"content":{"rendered":"\n<figure class=\"wp-block-image size-large\"><img loading=\"lazy\" decoding=\"async\" width=\"1024\" height=\"521\" src=\"https:\/\/emirkaanizci.com\/wp-content\/uploads\/2025\/05\/emir-kaan-izci-beyin-cerrahi-konya-omirilik-kanali-daralmasi-1024x521.webp\" alt=\"Spinalkanalstenose (Spinalstenose)\" class=\"wp-image-62\" title=\"\" srcset=\"https:\/\/emirkaanizci.com\/wp-content\/uploads\/2025\/05\/emir-kaan-izci-beyin-cerrahi-konya-omirilik-kanali-daralmasi-1024x521.webp 1024w, https:\/\/emirkaanizci.com\/wp-content\/uploads\/2025\/05\/emir-kaan-izci-beyin-cerrahi-konya-omirilik-kanali-daralmasi-300x153.webp 300w, https:\/\/emirkaanizci.com\/wp-content\/uploads\/2025\/05\/emir-kaan-izci-beyin-cerrahi-konya-omirilik-kanali-daralmasi-768x391.webp 768w, https:\/\/emirkaanizci.com\/wp-content\/uploads\/2025\/05\/emir-kaan-izci-beyin-cerrahi-konya-omirilik-kanali-daralmasi.webp 1180w\" sizes=\"auto, (max-width: 1024px) 100vw, 1024px\" \/><\/figure>\n\n<h3 class=\"wp-block-heading\"><strong>Was sind die Symptome einer Spinalkanalstenose?<\/strong><\/h3>\n\n<p>Da die Verengung im Spinalkanal auf die Nerven dr\u00fcckt, k\u00f6nnen folgende Symptome auftreten:<\/p>\n\n<ul class=\"wp-block-list\">\n<li>R\u00fccken- und Nackenschmerzen<\/li>\n\n\n\n<li>Taubheitsgef\u00fchl, Kribbeln oder ein brennendes Gef\u00fchl in den Beinen<\/li>\n\n\n\n<li>M\u00fcdigkeit und Kraftverlust in den Beinen beim Gehen<\/li>\n\n\n\n<li>Schmerzen, die im Sitzen nachlassen und beim Gehen zunehmen<\/li>\n\n\n\n<li>Probleme mit der Blasen- oder Darmkontrolle (in fortgeschrittenen F\u00e4llen)<\/li>\n<\/ul>\n\n<p>Da die Symptome mit der Zeit zunehmen k\u00f6nnen, ist eine fr\u00fchzeitige Diagnose von gro\u00dfer Bedeutung.<\/p>\n\n<hr class=\"wp-block-separator has-alpha-channel-opacity\"\/>\n\n<h3 class=\"wp-block-heading\"><strong>Welche Behandlungsmethoden gibt es?<\/strong><\/h3>\n\n<p>Die Behandlung der <strong>Spinalkanalstenose<\/strong> wird je nach Schweregrad der Erkrankung geplant:<\/p>\n\n<ul class=\"wp-block-list\">\n<li><strong>Medikament\u00f6se Behandlung:<\/strong> Schmerzmittel, Muskelrelaxantien und gelegentlich kortisonhaltige Injektionen<\/li>\n\n\n\n<li><strong>Physiotherapie:<\/strong> Spezielle \u00dcbungen zur St\u00e4rkung der R\u00fccken- und Rumpfmuskulatur<\/li>\n\n\n\n<li><strong>Chirurgischer Eingriff:<\/strong>\n<ul class=\"wp-block-list\">\n<li>&#8222;Dekompression&#8220;-Operationen zur Entlastung des Kanals<\/li>\n\n\n\n<li>Stabilisierung der Wirbels\u00e4ule mit Schrauben- und Plattensystemen, falls erforderlich<\/li>\n<\/ul>\n<\/li>\n<\/ul>\n\n<p>Doz. Dr. Emir Kaan \u0130zci setzt bei der Operation der Spinalkanalstenose auf mikrotechnische Verfahren, die das Gewebe minimal sch\u00e4digen, um den Komfort der Patienten als oberstes Ziel zu gew\u00e4hrleisten.<\/p>\n\n<hr class=\"wp-block-separator has-alpha-channel-opacity\"\/>\n\n<h3 class=\"wp-block-heading\"><strong>Operation und Nachsorge<\/strong><\/h3>\n\n<ul class=\"wp-block-list\">\n<li><strong>Operationsdauer:<\/strong> Durchschnittlich 1,5\u20133 Stunden<\/li>\n\n\n\n<li><strong>Methode:<\/strong> Minimalinvasive Eingriffe unter dem Mikroskop oder mit einem endoskopischen System<\/li>\n\n\n\n<li><strong>Genesung:<\/strong> Nach einem 2-3-t\u00e4gigen Krankenhausaufenthalt beginnt die Erholungsphase zu Hause<\/li>\n\n\n\n<li><strong>Physiotherapie:<\/strong> Durch unterst\u00fctzende \u00dcbungen nach der Operation werden Muskelkraft und Gleichgewicht wiederhergestellt<\/li>\n<\/ul>\n\n<hr class=\"wp-block-separator has-alpha-channel-opacity\"\/>\n\n<h3 class=\"wp-block-heading\"><strong>\u00dcbungen und unterst\u00fctzende Pflege<\/strong><\/h3>\n\n<p>Einige \u00dcbungen, die nach einer Spinalkanalstenose unter \u00e4rztlicher Aufsicht empfohlen werden:<\/p>\n\n<ul class=\"wp-block-list\">\n<li>Anziehen der Knie zum Bauch in R\u00fcckenlage auf einer ebenen Fl\u00e4che<\/li>\n\n\n\n<li>Leichte Beinhebe\u00fcbungen in Bauchlage<\/li>\n\n\n\n<li>Geh- und Dehn\u00fcbungen auf einer Gleichgewichtsmatte<\/li>\n\n\n\n<li>Physiotherapie-Protokolle zur St\u00e4rkung der H\u00fcft- und R\u00fcckenmuskulatur<\/li>\n<\/ul>\n\n<hr class=\"wp-block-separator has-alpha-channel-opacity\"\/>\n\n<h3 class=\"wp-block-heading\"><strong>Fazit<\/strong><\/h3>\n\n<p>Eine Spinalkanalstenose kann die Lebensqualit\u00e4t erheblich beeintr\u00e4chtigen, aber mit der richtigen Diagnose und Behandlung ist es m\u00f6glich, dieses Problem zu \u00fcberwinden. W\u00e4hrend Patienten, die keine Operation ben\u00f6tigen, mit Physiotherapie erfolgreiche Ergebnisse erzielen k\u00f6nnen, k\u00f6nnen Patienten in notwendigen F\u00e4llen mit modernen chirurgischen Techniken schnell in ihr t\u00e4gliches Leben zur\u00fcckkehren.<\/p>\n\n<p><strong>Doz. Dr. Emir Kaan \u0130zci<\/strong> verf\u00fcgt \u00fcber gro\u00dfe Erfahrung in der Behandlung von Spinalkanalstenose und Wirbels\u00e4ulenchirurgie. Er betreut seine Patienten im Konya Ba\u015fkent Universit\u00e4tsklinikum mit einem Ansatz, der auf moderner Technologie und ethischer Medizin basiert. Z\u00f6gern Sie nicht, Ihre Lebensqualit\u00e4t zu verbessern, und machen Sie noch heute einen Schritt f\u00fcr eine gesunde Wirbels\u00e4ule!<\/p>\n","protected":false},"excerpt":{"rendered":"<p>Was sind die Symptome einer Spinalkanalstenose? Da die Verengung im Spinalkanal auf die Nerven dr\u00fcckt, k\u00f6nnen folgende Symptome auftreten: Da die Symptome mit der Zeit zunehmen k\u00f6nnen, ist eine fr\u00fchzeitige Diagnose von gro\u00dfer Bedeutung. Welche Behandlungsmethoden gibt es? Die Behandlung der Spinalkanalstenose wird je nach Schweregrad der Erkrankung geplant: Doz. Dr. Emir Kaan \u0130zci setzt [&hellip;]<\/p>\n","protected":false},"author":1,"featured_media":228,"parent":0,"menu_order":0,"comment_status":"closed","ping_status":"closed","template":"","meta":{"footnotes":""},"class_list":["post-345","page","type-page","status-publish","has-post-thumbnail","hentry"],"_links":{"self":[{"href":"https:\/\/emirkaanizci.com\/de\/wp-json\/wp\/v2\/pages\/345","targetHints":{"allow":["GET"]}}],"collection":[{"href":"https:\/\/emirkaanizci.com\/de\/wp-json\/wp\/v2\/pages"}],"about":[{"href":"https:\/\/emirkaanizci.com\/de\/wp-json\/wp\/v2\/types\/page"}],"author":[{"embeddable":true,"href":"https:\/\/emirkaanizci.com\/de\/wp-json\/wp\/v2\/users\/1"}],"replies":[{"embeddable":true,"href":"https:\/\/emirkaanizci.com\/de\/wp-json\/wp\/v2\/comments?post=345"}],"version-history":[{"count":1,"href":"https:\/\/emirkaanizci.com\/de\/wp-json\/wp\/v2\/pages\/345\/revisions"}],"predecessor-version":[{"id":346,"href":"https:\/\/emirkaanizci.com\/de\/wp-json\/wp\/v2\/pages\/345\/revisions\/346"}],"wp:featuredmedia":[{"embeddable":true,"href":"https:\/\/emirkaanizci.com\/de\/wp-json\/wp\/v2\/media\/228"}],"wp:attachment":[{"href":"https:\/\/emirkaanizci.com\/de\/wp-json\/wp\/v2\/media?parent=345"}],"curies":[{"name":"wp","href":"https:\/\/api.w.org\/{rel}","templated":true}]}}