{"id":351,"date":"2025-05-15T14:26:58","date_gmt":"2025-05-15T14:26:58","guid":{"rendered":"https:\/\/emirkaanizci.com\/nervenkompression-engpasssyndrom\/"},"modified":"2025-06-16T16:04:19","modified_gmt":"2025-06-16T16:04:19","slug":"nervenkompression-engpasssyndrom","status":"publish","type":"page","link":"https:\/\/emirkaanizci.com\/de\/nervenkompression-engpasssyndrom\/","title":{"rendered":"Nervenkompression (Engpasssyndrom)"},"content":{"rendered":"\n<figure class=\"wp-block-image size-large\"><img loading=\"lazy\" decoding=\"async\" width=\"1024\" height=\"521\" src=\"https:\/\/emirkaanizci.com\/wp-content\/uploads\/2025\/05\/emir-kaan-izci-beyin-cerrahi-konya-sinir-sikismasi-1024x521.webp\" alt=\"Nervenkompression (Engpasssyndrom)\" class=\"wp-image-65\" title=\"\" srcset=\"https:\/\/emirkaanizci.com\/wp-content\/uploads\/2025\/05\/emir-kaan-izci-beyin-cerrahi-konya-sinir-sikismasi-1024x521.webp 1024w, https:\/\/emirkaanizci.com\/wp-content\/uploads\/2025\/05\/emir-kaan-izci-beyin-cerrahi-konya-sinir-sikismasi-300x153.webp 300w, https:\/\/emirkaanizci.com\/wp-content\/uploads\/2025\/05\/emir-kaan-izci-beyin-cerrahi-konya-sinir-sikismasi-768x391.webp 768w, https:\/\/emirkaanizci.com\/wp-content\/uploads\/2025\/05\/emir-kaan-izci-beyin-cerrahi-konya-sinir-sikismasi.webp 1180w\" sizes=\"auto, (max-width: 1024px) 100vw, 1024px\" \/><\/figure>\n\n<h3 class=\"wp-block-heading\"><strong>Was sind die Symptome einer Nervenkompression?<\/strong><\/h3>\n\n<p>Nervenkompressionen k\u00f6nnen in verschiedenen K\u00f6rperregionen auftreten. Die h\u00e4ufigsten sind: Handgelenk (Karpaltunnel), Ellenbogen (Kubitaltunnel) und der Hals-Lenden-Bereich. Die Symptome sind:<\/p>\n\n<ul class=\"wp-block-list\">\n<li>Taubheit, Kribbeln (besonders nachts verst\u00e4rkt)<\/li>\n\n\n\n<li>Nadelstichgef\u00fchl<\/li>\n\n\n\n<li>Muskelschw\u00e4che<\/li>\n\n\n\n<li>Schwierigkeiten beim Greifen von Gegenst\u00e4nden mit der Hand oder dem Fu\u00df<\/li>\n\n\n\n<li>Schmerzen, die bei Bewegung zunehmen<\/li>\n<\/ul>\n\n<hr class=\"wp-block-separator has-alpha-channel-opacity\"\/>\n\n<h3 class=\"wp-block-heading\"><strong>Welche Behandlungsmethoden gibt es?<\/strong><\/h3>\n\n<p>Eine fr\u00fchzeitige Diagnose ist bei der Behandlung von Nervenkompressionen wichtig. Behandlungsm\u00f6glichkeiten sind:<\/p>\n\n<ul class=\"wp-block-list\">\n<li><strong>Ruhe und Schienung<\/strong> (besonders f\u00fcr das Handgelenk)<\/li>\n\n\n\n<li><strong>Medikament\u00f6se Behandlung<\/strong> (Schmerzmittel und nervenunterst\u00fctzende Vitamine)<\/li>\n\n\n\n<li><strong>Physiotherapie und \u00dcbungen<\/strong><\/li>\n\n\n\n<li><strong>Injektionen:<\/strong> Kortisoninjektionen um den Nerv herum<\/li>\n\n\n\n<li><strong>Chirurgischer Eingriff:<\/strong> Erweiterung des komprimierten Bereichs, um den unter Druck stehenden Nerv zu entlasten<\/li>\n<\/ul>\n\n<p>Doz. Dr. Emir Kaan \u0130zci trifft Entscheidungen bei Nervenkompressionen sowohl bei chirurgischen als auch bei nicht-chirurgischen Methoden, indem er die Lebensqualit\u00e4t des Patienten priorisiert.<\/p>\n\n<hr class=\"wp-block-separator has-alpha-channel-opacity\"\/>\n\n<h3 class=\"wp-block-heading\"><strong>Operation und Nachsorge<\/strong><\/h3>\n\n<ul class=\"wp-block-list\">\n<li><strong>Dauer:<\/strong> 30\u201360 Minuten<\/li>\n\n\n\n<li><strong>Methode:<\/strong> Entlastung des komprimierten Nervenbereichs durch mikroskopische oder minimale Schnitte unter \u00f6rtlicher Bet\u00e4ubung<\/li>\n\n\n\n<li><strong>Entlassung:<\/strong> In der Regel am selben Tag<\/li>\n\n\n\n<li><strong>Genesung:<\/strong> Die Linderung in der Hand oder im Fu\u00df beginnt in der Regel innerhalb von 1\u20132 Wochen<\/li>\n<\/ul>\n\n<hr class=\"wp-block-separator has-alpha-channel-opacity\"\/>\n\n<h3 class=\"wp-block-heading\"><strong>\u00dcbungen und unterst\u00fctzende Anwendungen<\/strong><\/h3>\n\n<ul class=\"wp-block-list\">\n<li>Dehn- und Greif\u00fcbungen f\u00fcr das Handgelenk<\/li>\n\n\n\n<li>Nervenmobilisationen um den Ellenbogen oder die Schulter<\/li>\n\n\n\n<li>Ergonomisches Haltungstraining (insbesondere f\u00fcr Computernutzer)<\/li>\n\n\n\n<li>Neuromobilisationstechniken unter Anleitung eines Physiotherapeuten<\/li>\n<\/ul>\n\n<hr class=\"wp-block-separator has-alpha-channel-opacity\"\/>\n\n<h3 class=\"wp-block-heading\"><strong>Fazit<\/strong><\/h3>\n\n<p>Nervenkompression ist ein Problem, das bei fr\u00fchzeitiger Diagnose mit einfachen Behandlungen gel\u00f6st werden kann. Bei Fortschreiten kann es jedoch zu dauerhaften Nervensch\u00e4den kommen. Daher ist es sehr wichtig, bei Einsetzen der Symptome einen Spezialisten aufzusuchen.<\/p>\n\n<p><strong>Doz. Dr. Emir Kaan \u0130zci<\/strong> analysiert Nervenkompressionen und wirbels\u00e4ulenbedingte Nervenkompressionen genau und bietet seinen Patienten individuelle Behandlungspl\u00e4ne. Er bietet seine Dienste mit modernen Techniken im Konya Ba\u015fkent Universit\u00e4tsklinikum an.<\/p>\n\n<p>Machen Sie noch heute einen Schritt f\u00fcr ein ges\u00fcnderes Nervensystem!<\/p>\n","protected":false},"excerpt":{"rendered":"<p>Was sind die Symptome einer Nervenkompression? Nervenkompressionen k\u00f6nnen in verschiedenen K\u00f6rperregionen auftreten. Die h\u00e4ufigsten sind: Handgelenk (Karpaltunnel), Ellenbogen (Kubitaltunnel) und der Hals-Lenden-Bereich. Die Symptome sind: Welche Behandlungsmethoden gibt es? Eine fr\u00fchzeitige Diagnose ist bei der Behandlung von Nervenkompressionen wichtig. Behandlungsm\u00f6glichkeiten sind: Doz. Dr. Emir Kaan \u0130zci trifft Entscheidungen bei Nervenkompressionen sowohl bei chirurgischen als auch [&hellip;]<\/p>\n","protected":false},"author":1,"featured_media":231,"parent":0,"menu_order":0,"comment_status":"closed","ping_status":"closed","template":"","meta":{"footnotes":""},"class_list":["post-351","page","type-page","status-publish","has-post-thumbnail","hentry"],"_links":{"self":[{"href":"https:\/\/emirkaanizci.com\/de\/wp-json\/wp\/v2\/pages\/351","targetHints":{"allow":["GET"]}}],"collection":[{"href":"https:\/\/emirkaanizci.com\/de\/wp-json\/wp\/v2\/pages"}],"about":[{"href":"https:\/\/emirkaanizci.com\/de\/wp-json\/wp\/v2\/types\/page"}],"author":[{"embeddable":true,"href":"https:\/\/emirkaanizci.com\/de\/wp-json\/wp\/v2\/users\/1"}],"replies":[{"embeddable":true,"href":"https:\/\/emirkaanizci.com\/de\/wp-json\/wp\/v2\/comments?post=351"}],"version-history":[{"count":1,"href":"https:\/\/emirkaanizci.com\/de\/wp-json\/wp\/v2\/pages\/351\/revisions"}],"predecessor-version":[{"id":352,"href":"https:\/\/emirkaanizci.com\/de\/wp-json\/wp\/v2\/pages\/351\/revisions\/352"}],"wp:featuredmedia":[{"embeddable":true,"href":"https:\/\/emirkaanizci.com\/de\/wp-json\/wp\/v2\/media\/231"}],"wp:attachment":[{"href":"https:\/\/emirkaanizci.com\/de\/wp-json\/wp\/v2\/media?parent=351"}],"curies":[{"name":"wp","href":"https:\/\/api.w.org\/{rel}","templated":true}]}}