{"id":357,"date":"2025-05-15T15:11:53","date_gmt":"2025-05-15T15:11:53","guid":{"rendered":"https:\/\/emirkaanizci.com\/krankheitsratgeber\/"},"modified":"2025-06-16T22:12:37","modified_gmt":"2025-06-16T22:12:37","slug":"krankheitsratgeber","status":"publish","type":"page","link":"https:\/\/emirkaanizci.com\/de\/krankheitsratgeber\/","title":{"rendered":"Krankheitsratgeber"},"content":{"rendered":"\n<ul class=\"anchor-links\"><li><a href=\"#bandscheibenvorfall\">Bandscheibenvorfall<\/a><\/li><li><a href=\"#halswirbel-bandscheibenvorfall\">Halswirbel-Bandscheibenvorfall<\/a><\/li><li><a href=\"#wirbelgleiten\">Wirbelgleiten<\/a><\/li><li><a href=\"#gehirntumor\">Gehirntumor<\/a><\/li><li><a href=\"#spinalkanalstenose\">Spinalkanalstenose<\/a><\/li><li><a href=\"#nervenkompression\">Nervenkompression<\/a><\/li><\/ul>\n\n\n\n<p>Einer der Grundpfeiler eines gesunden Lebens ist die Gesundheit von Wirbels\u00e4ule, Nerven und Gehirn. Viele Erkrankungen, vom lumbalen Bandscheibenvorfall bis zum zervikalen Bandscheibenvorfall, von der Nervenkompression bis zu Hirntumoren, k\u00f6nnen durch rechtzeitige Diagnose, richtige Behandlung und einen effektiven Rehabilitationsprozess erfolgreich behandelt werden.<\/p>\n\n\n\n<p>Die Informationen auf diesen Seiten sollen Ihnen nicht nur helfen, gesundheitliche Probleme zu verstehen, sondern auch, bewusst am Behandlungsprozess teilzunehmen. Es ist wichtig zu bedenken, dass jede Krankheit bei jedem Einzelnen unterschiedlich verlaufen kann. Daher sind eine individuelle Beurteilung, Diagnose und ein Behandlungsplan von entscheidender Bedeutung.<\/p>\n\n\n    <h2 id=\"bandscheibenvorfall-im-lendenbereich\">\r\n        <a href=\"https:\/\/emirkaanizci.com\/de\/bandscheibenvorfall-der-lendenwirbelsaeule-lomber-bandscheibenvorfall\/\">Bandscheibenvorfall im Lendenbereich<\/a>\r\n    <\/h2>\r\n    <p>\r\n        <img decoding=\"async\" class=\"alignleft size-full\" src=\"https:\/\/emirkaanizci.com\/wp-content\/uploads\/2025\/05\/emir-kaan-izci-beyin-cerrahi-konya-bel-fitigi.webp\" alt=\"Bandscheibenvorfall im Lendenbereich\" width=\"300\" title=\"\">\r\n        Ein Bandscheibenvorfall im Lendenbereich kann als Riss der Bandscheibe zwischen den Lendenwirbeln definiert werden, der die Nerven einklemmt. Dieser Zustand f\u00fchrt typischerweise zu starken R\u00fcckenschmerzen und in das Bein ausstrahlenden Schmerzen. Ein Bandscheibenvorfall kann in jedem Bereich der Wirbels\u00e4ule auftreten.    <\/p>\r\n    <div class=\"clearfix\"><\/div>\r\n    <br>\r\n    \n\n\n    <h2 id=\"halsbandscheibenvorfall\">\r\n        <a href=\"https:\/\/emirkaanizci.com\/de\/halsbandscheibenvorfall-zervikaler-bandscheibenvorfall\/\">Halsbandscheibenvorfall<\/a>\r\n    <\/h2>\r\n    <p>\r\n        <img decoding=\"async\" class=\"alignright size-full\" src=\"https:\/\/emirkaanizci.com\/wp-content\/uploads\/2025\/05\/emir-kaan-izci-beyin-cerrahi-konya-boyun-fitigi.webp\" alt=\"Halsbandscheibenvorfall\" width=\"300\" title=\"\">\r\n        Zwischen den Wirbelknochen, den sogenannten Vertebrae, befindet sich eine gallertartige Substanz, die f\u00fcr die Absorption von Sto\u00dfwellen bei Bewegungen verantwortlich ist. Eine Verlagerung dieser Substanz in den Wirbelkanal aufgrund einer Sch\u00e4digung der Bandscheibenstruktur wird als Bandscheibenvorfall (Hernie) bezeichnet.    <\/p>\r\n    <div class=\"clearfix\"><\/div>\r\n    <br>\r\n    \n\n\n    <h2 id=\"wirbelgleiten\">\r\n        <a href=\"https:\/\/emirkaanizci.com\/de\/wirbelgleiten-spondylolisthesis\/\">Wirbelgleiten<\/a>\r\n    <\/h2>\r\n    <p>\r\n        <img decoding=\"async\" class=\"alignleft size-full\" src=\"https:\/\/emirkaanizci.com\/wp-content\/uploads\/2025\/05\/emir-kaan-izci-beyin-cerrahi-konya-bel-kaymasi.webp\" alt=\"Wirbelgleiten\" width=\"300\" title=\"\">\r\n        Wirbelgleiten (Spondylolisthesis) bezeichnet das Verrutschen eines oberen Wirbels \u00fcber den darunter liegenden Wirbel nach vorne. Es tritt durch Alterung und Verschlei\u00df auf. Oft kann ein Wirbelgleiten von einer Spinalkanalstenose (\u201eenger Kanal\u201c) begleitet sein. Wirbelgleiten tritt typischerweise bei Kindern und Personen mittleren und h\u00f6heren Alters auf.    <\/p>\r\n    <div class=\"clearfix\"><\/div>\r\n    <br>\r\n    \n\n\n    <h2 id=\"hirntumor\">\r\n        <a href=\"https:\/\/emirkaanizci.com\/de\/gehirntumore\/\">Hirntumor<\/a>\r\n    <\/h2>\r\n    <p>\r\n        <img decoding=\"async\" class=\"alignright size-full\" src=\"https:\/\/emirkaanizci.com\/wp-content\/uploads\/2025\/05\/emir-kaan-izci-beyin-cerrahi-konya-beyin-tumoru.webp\" alt=\"Hirntumor\" width=\"300\" title=\"\">\r\n        Tumore, die aus dem Gehirngewebe selbst, den Nerven im Gehirn, den Hirnh\u00e4uten, den den Sch\u00e4del umgebenden Knochen oder dem umgebenden Muskelgewebe entstehen, werden als prim\u00e4re Hirntumore bezeichnet. Krebserkrankungen anderer Organe (Lunge, Brust, Prostata usw.), die sich auf das Gehirn ausbreiten, werden als Metastasen oder sekund\u00e4re Hirntumore bezeichnet.    <\/p>\r\n    <div class=\"clearfix\"><\/div>\r\n    <br>\r\n    \n\n\n    <h2 id=\"spinalkanalstenose\">\r\n        <a href=\"https:\/\/emirkaanizci.com\/de\/spinalkanalstenose-spinalstenose\/\">Spinalkanalstenose<\/a>\r\n    <\/h2>\r\n    <p>\r\n        <img decoding=\"async\" class=\"alignleft size-full\" src=\"https:\/\/emirkaanizci.com\/wp-content\/uploads\/2025\/05\/emir-kaan-izci-beyin-cerrahi-konya-omirilik-kanali-daralmasi.webp\" alt=\"Spinalkanalstenose\" width=\"300\" title=\"\">\r\n        Die Gesundheit von Knochen und Wirbels\u00e4ule ist f\u00fcr die Erhaltung der allgemeinen Gesundheit und Lebensqualit\u00e4t von gro\u00dfer Bedeutung. Daher sollte auf die Gesundheit der Wirbels\u00e4ule geachtet werden. Aus verschiedenen Gr\u00fcnden k\u00f6nnen jedoch unterschiedliche Probleme an den Wirbelknochen auftreten. Eine der wichtigsten dieser Erkrankungen ist die Spinalkanalstenose.    <\/p>\r\n    <div class=\"clearfix\"><\/div>\r\n    <br>\r\n    \n\n\n    <h2 id=\"nervenkompression\">\r\n        <a href=\"https:\/\/emirkaanizci.com\/de\/nervenkompression-engpasssyndrom\/\">Nervenkompression<\/a>\r\n    <\/h2>\r\n    <p>\r\n        <img decoding=\"async\" class=\"alignright size-full\" src=\"https:\/\/emirkaanizci.com\/wp-content\/uploads\/2025\/05\/emir-kaan-izci-beyin-cerrahi-konya-sinir-sikismasi.webp\" alt=\"Nervenkompression\" width=\"300\" title=\"\">\r\n        Eine Nervenkompression entsteht, wenn Gewebe wie Sehnen, Knochen und Knorpel im menschlichen K\u00f6rper Druck auf die Nerven aus\u00fcben. Nervenkompressionen werden auch als Engpasssyndrome (Einklemmungsneuropathien) bezeichnet.    <\/p>\r\n    <div class=\"clearfix\"><\/div>\r\n    <br>\r\n    \n\n\n\n<h2 class=\"wp-block-heading\">Wer ist Doz. Dr. Emir Kaan \u0130zci?<\/h2>\n\n\n\n<p>Doz. Dr. Emir Kaan \u0130zci ist ein renommierter Gesundheitsexperte mit \u00fcber 14 Jahren Erfahrung in der Gehirn-, Wirbels\u00e4ulen- und Nervenchirurgie.<br>Dr. \u0130zci verbindet moderne Technologie mit einem ethischen medizinischen Verst\u00e4ndnis und geh\u00f6rt insbesondere im Bereich der <strong>vollendoskopischen Bandscheibenoperation (Full Endoscopic Discectomy)<\/strong> zu den Pionieren in der T\u00fcrkei.<\/p>\n\n\n\n<p>Derzeit betreut er seine Patienten im <strong>Konya Ba\u015fkent Universit\u00e4tsklinikum<\/strong> und bietet wirksame L\u00f6sungen f\u00fcr chirurgische und nicht-chirurgische Behandlungen von Erkrankungen der Lendenwirbels\u00e4ule, des Nackens und der Nerven.<\/p>\n\n\n\n<hr class=\"wp-block-separator has-alpha-channel-opacity\"\/>\n\n\n\n<h2 class=\"wp-block-heading\">Kontakt aufnehmen<\/h2>\n\n\n\n<p>Verschieben Sie Ihre Gesundheit nicht. Wenn Sie:<\/p>\n\n\n\n<ul class=\"wp-block-list\">\n<li>Symptome im Zusammenhang mit Ihrer Lendenwirbels\u00e4ule, Ihrem Nacken oder Ihrem Nervensystem haben<\/li>\n\n\n\n<li>Informationen \u00fcber chirurgische oder nicht-chirurgische Behandlungsmethoden erhalten m\u00f6chten<\/li>\n\n\n\n<li>eine zweite Meinung ben\u00f6tigen<\/li>\n<\/ul>\n\n\n\n<p>\ud83d\udcac Z\u00f6gern Sie nicht, uns zu kontaktieren.<\/p>\n\n\n\n<p>Instagram: <a href=\"https:\/\/www.instagram.com\/doc.dr.emir_kaan_izci\" rel=\"nofollow noopener\" target=\"_blank\"><strong>@doc.dr.emir_kaan_izci<\/strong><\/a><\/p>\n\n\n\n<p>Telefon: <strong><a href=\"tel:+905336514938\">0 (533) 651 4938<\/a><\/strong><\/p>\n\n\n\n<p>E-Mail: <a href=\"mailto:ekaanizci@hotmail.com\" target=\"_blank\" rel=\"noreferrer noopener\"><strong>ekaanizci@hotmail.com<\/strong><\/a><\/p>\n\n\n\n<p>Nachricht:<strong> <a href=\"https:\/\/emirkaanizci.com\/de\/kontakt\/\" data-type=\"link\" data-id=\"https:\/\/emirkaanizci.com\/iletisim\/\">Kontaktseite<\/a><\/strong><\/p>\n\n\n\n<p><strong>Doz. Dr. Emir Kaan \u0130zci<\/strong> und sein Expertenteam stehen Ihnen jederzeit zur Seite, um Ihnen zu einem ges\u00fcnderen Leben zu verhelfen!<\/p>\n\n\n\n<p><\/p>\n","protected":false},"excerpt":{"rendered":"<p>Einer der Grundpfeiler eines gesunden Lebens ist die Gesundheit von Wirbels\u00e4ule, Nerven und Gehirn. Viele Erkrankungen, vom lumbalen Bandscheibenvorfall bis zum zervikalen Bandscheibenvorfall, von der Nervenkompression bis zu Hirntumoren, k\u00f6nnen durch rechtzeitige Diagnose, richtige Behandlung und einen effektiven Rehabilitationsprozess erfolgreich behandelt werden. Die Informationen auf diesen Seiten sollen Ihnen nicht nur helfen, gesundheitliche Probleme zu [&hellip;]<\/p>\n","protected":false},"author":1,"featured_media":0,"parent":0,"menu_order":0,"comment_status":"closed","ping_status":"closed","template":"","meta":{"footnotes":""},"class_list":["post-357","page","type-page","status-publish","hentry"],"_links":{"self":[{"href":"https:\/\/emirkaanizci.com\/de\/wp-json\/wp\/v2\/pages\/357","targetHints":{"allow":["GET"]}}],"collection":[{"href":"https:\/\/emirkaanizci.com\/de\/wp-json\/wp\/v2\/pages"}],"about":[{"href":"https:\/\/emirkaanizci.com\/de\/wp-json\/wp\/v2\/types\/page"}],"author":[{"embeddable":true,"href":"https:\/\/emirkaanizci.com\/de\/wp-json\/wp\/v2\/users\/1"}],"replies":[{"embeddable":true,"href":"https:\/\/emirkaanizci.com\/de\/wp-json\/wp\/v2\/comments?post=357"}],"version-history":[{"count":3,"href":"https:\/\/emirkaanizci.com\/de\/wp-json\/wp\/v2\/pages\/357\/revisions"}],"predecessor-version":[{"id":488,"href":"https:\/\/emirkaanizci.com\/de\/wp-json\/wp\/v2\/pages\/357\/revisions\/488"}],"wp:attachment":[{"href":"https:\/\/emirkaanizci.com\/de\/wp-json\/wp\/v2\/media?parent=357"}],"curies":[{"name":"wp","href":"https:\/\/api.w.org\/{rel}","templated":true}]}}