{"id":363,"date":"2025-05-15T15:37:40","date_gmt":"2025-05-15T15:37:40","guid":{"rendered":"https:\/\/emirkaanizci.com\/datenschutz-und-sicherheitsrichtlinie\/"},"modified":"2025-06-16T16:04:19","modified_gmt":"2025-06-16T16:04:19","slug":"datenschutz-und-sicherheitsrichtlinie","status":"publish","type":"page","link":"https:\/\/emirkaanizci.com\/de\/datenschutz-und-sicherheitsrichtlinie\/","title":{"rendered":"Datenschutz- und Sicherheitsrichtlinie"},"content":{"rendered":"\n<p>Diese Website von Doz. Dr. Emir Kaan \u0130zci (im Folgenden als \u201eWebsite\u201c bezeichnet) legt gro\u00dfen Wert auf die Privatsph\u00e4re ihrer Besucher und den Schutz ihrer personenbezogenen Daten. In \u00dcbereinstimmung mit den einschl\u00e4gigen gesetzlichen Bestimmungen, insbesondere dem Gesetz Nr. 6698 zum Schutz personenbezogener Daten (KVKK), sind die Sicherheit und die Privatsph\u00e4re unserer Nutzer unsere obersten Priorit\u00e4ten.<\/p>\n\n<h3 class=\"wp-block-heading\"><strong>Gesammelte Informationen<\/strong><\/h3>\n\n<ul class=\"wp-block-list\">\n<li>Freiwillig vom Benutzer bereitgestellte Informationen wie Name, Nachname, E-Mail-Adresse, Telefonnummer.<\/li>\n\n\n\n<li>Technische Daten wie besuchte Seiten, IP-Adresse, Browsertyp.<\/li>\n<\/ul>\n\n<h3 class=\"wp-block-heading\"><strong>Verwendungszweck<\/strong><\/h3>\n\n<ul class=\"wp-block-list\">\n<li>Erleichterung der Erbringung von Gesundheitsdienstleistungen.<\/li>\n\n\n\n<li>Verwaltung von Terminprozessen.<\/li>\n\n\n\n<li>Verbesserung der Benutzererfahrung.<\/li>\n\n\n\n<li>Erf\u00fcllung gesetzlicher Verpflichtungen.<\/li>\n<\/ul>\n\n<h3 class=\"wp-block-heading\"><strong>Datensicherheit<\/strong><\/h3>\n\n<p>Alle gesammelten Informationen werden auf sicheren Servern gespeichert und sind nur f\u00fcr autorisierte Personen zug\u00e4nglich. Die Daten werden unter keinen Umst\u00e4nden ohne die Zustimmung des Nutzers an Dritte weitergegeben.<\/p>\n\n<h3 class=\"wp-block-heading\"><strong>Ihre Rechte<\/strong><\/h3>\n\n<p>Im Rahmen des KVKK haben Sie das Recht auf Auskunft, Berichtigung, L\u00f6schung und Einschr\u00e4nkung der Verarbeitung Ihrer personenbezogenen Daten. Um diese Rechte auszu\u00fcben, k\u00f6nnen Sie uns \u00fcber die [Kontaktseite] kontaktieren.<\/p>\n","protected":false},"excerpt":{"rendered":"<p>Diese Website von Doz. Dr. Emir Kaan \u0130zci (im Folgenden als \u201eWebsite\u201c bezeichnet) legt gro\u00dfen Wert auf die Privatsph\u00e4re ihrer Besucher und den Schutz ihrer personenbezogenen Daten. In \u00dcbereinstimmung mit den einschl\u00e4gigen gesetzlichen Bestimmungen, insbesondere dem Gesetz Nr. 6698 zum Schutz personenbezogener Daten (KVKK), sind die Sicherheit und die Privatsph\u00e4re unserer Nutzer unsere obersten Priorit\u00e4ten. [&hellip;]<\/p>\n","protected":false},"author":1,"featured_media":0,"parent":0,"menu_order":0,"comment_status":"closed","ping_status":"closed","template":"","meta":{"footnotes":""},"class_list":["post-363","page","type-page","status-publish","hentry"],"_links":{"self":[{"href":"https:\/\/emirkaanizci.com\/de\/wp-json\/wp\/v2\/pages\/363","targetHints":{"allow":["GET"]}}],"collection":[{"href":"https:\/\/emirkaanizci.com\/de\/wp-json\/wp\/v2\/pages"}],"about":[{"href":"https:\/\/emirkaanizci.com\/de\/wp-json\/wp\/v2\/types\/page"}],"author":[{"embeddable":true,"href":"https:\/\/emirkaanizci.com\/de\/wp-json\/wp\/v2\/users\/1"}],"replies":[{"embeddable":true,"href":"https:\/\/emirkaanizci.com\/de\/wp-json\/wp\/v2\/comments?post=363"}],"version-history":[{"count":1,"href":"https:\/\/emirkaanizci.com\/de\/wp-json\/wp\/v2\/pages\/363\/revisions"}],"predecessor-version":[{"id":364,"href":"https:\/\/emirkaanizci.com\/de\/wp-json\/wp\/v2\/pages\/363\/revisions\/364"}],"wp:attachment":[{"href":"https:\/\/emirkaanizci.com\/de\/wp-json\/wp\/v2\/media?parent=363"}],"curies":[{"name":"wp","href":"https:\/\/api.w.org\/{rel}","templated":true}]}}