{"id":381,"date":"2025-05-15T14:08:17","date_gmt":"2025-05-15T14:08:17","guid":{"rendered":"https:\/\/emirkaanizci.com\/bandscheibenvorfall-der-lendenwirbelsaeule-lomber-bandscheibenvorfall\/"},"modified":"2025-06-16T16:04:20","modified_gmt":"2025-06-16T16:04:20","slug":"bandscheibenvorfall-der-lendenwirbelsaeule-lomber-bandscheibenvorfall","status":"publish","type":"page","link":"https:\/\/emirkaanizci.com\/de\/bandscheibenvorfall-der-lendenwirbelsaeule-lomber-bandscheibenvorfall\/","title":{"rendered":"Bandscheibenvorfall der Lendenwirbels\u00e4ule (Lomber Bandscheibenvorfall)"},"content":{"rendered":"\n<figure class=\"wp-block-image size-large is-style-default\"><img loading=\"lazy\" decoding=\"async\" width=\"1024\" height=\"521\" src=\"https:\/\/emirkaanizci.com\/wp-content\/uploads\/2025\/05\/emir-kaan-izci-beyin-cerrahi-konya-bel-fitigi-1024x521.webp\" alt=\"Bandscheibenvorfall der Lendenwirbels&#xE4;ule (Lomber Bandscheibenvorfall)\" class=\"wp-image-47\" title=\"\" srcset=\"https:\/\/emirkaanizci.com\/wp-content\/uploads\/2025\/05\/emir-kaan-izci-beyin-cerrahi-konya-bel-fitigi-1024x521.webp 1024w, https:\/\/emirkaanizci.com\/wp-content\/uploads\/2025\/05\/emir-kaan-izci-beyin-cerrahi-konya-bel-fitigi-300x153.webp 300w, https:\/\/emirkaanizci.com\/wp-content\/uploads\/2025\/05\/emir-kaan-izci-beyin-cerrahi-konya-bel-fitigi-768x391.webp 768w, https:\/\/emirkaanizci.com\/wp-content\/uploads\/2025\/05\/emir-kaan-izci-beyin-cerrahi-konya-bel-fitigi.webp 1180w\" sizes=\"auto, (max-width: 1024px) 100vw, 1024px\" \/><\/figure>\n\n<h3 class=\"wp-block-heading\"><strong>Was sind die Symptome eines Bandscheibenvorfalls?<\/strong><\/h3>\n\n<ul class=\"wp-block-list\">\n<li>St\u00e4ndige oder pl\u00f6tzlich einsetzende Schmerzen im Lendenbereich<\/li>\n\n\n\n<li>Starke, vom Ges\u00e4\u00df ins Bein ausstrahlende Schmerzen (Ischias)<\/li>\n\n\n\n<li>Taubheitsgef\u00fchl, Kribbeln oder Kraftverlust im Bein<\/li>\n\n\n\n<li>Schmerzverst\u00e4rkung beim Husten oder Niesen<\/li>\n\n\n\n<li>Schwierigkeiten bei Bewegungen wie B\u00fccken, Aufstehen oder Gehen<\/li>\n\n\n\n<li>In seltenen F\u00e4llen Verlust der Blasen-\/Darmkontrolle (kann eine Notoperation erfordern)<\/li>\n<\/ul>\n\n<hr class=\"wp-block-separator has-alpha-channel-opacity\"\/>\n\n<h3 class=\"wp-block-heading\"><strong>Wie wird ein Bandscheibenvorfall behandelt?<\/strong><\/h3>\n\n<p>Die Behandlung variiert je nach Schweregrad der Erkrankung:<\/p>\n\n<ul class=\"wp-block-list\">\n<li><strong>Medikament\u00f6se Behandlung:<\/strong> Muskelrelaxantien, Schmerzmittel und entz\u00fcndungshemmende Medikamente.<\/li>\n\n\n\n<li><strong>Physiotherapie:<\/strong> Lokale \u00dcbungen, W\u00e4rme-K\u00e4lte-Anwendungen, Elektrostimulationstherapie.<\/li>\n\n\n\n<li><strong>\u00dcbung und Ruhe:<\/strong> Training der richtigen K\u00f6rperhaltung und \u00dcbungen zur St\u00e4rkung der Lendenmuskulatur.<\/li>\n\n\n\n<li><strong>Epidurale Injektionen:<\/strong> K\u00f6nnen bei starken Schmerzen angewendet werden.<\/li>\n<\/ul>\n\n<hr class=\"wp-block-separator has-alpha-channel-opacity\"\/>\n\n<h3 class=\"wp-block-heading\"><strong>Operation und Nachsorge<\/strong><\/h3>\n\n<p><strong>Voll-endoskopische Bandscheibenoperation (Full Endoscopic Discectomy)<\/strong><\/p>\n\n<ul class=\"wp-block-list\">\n<li><strong>Vorteile:<\/strong> Minimal-invasive Chirurgie, die durch einen sehr kleinen Schnitt durchgef\u00fchrt wird und Muskeln und Gewebe schont.<\/li>\n\n\n\n<li><strong>Operationsdauer:<\/strong> Ungef\u00e4hr 45 Minuten.<\/li>\n\n\n\n<li><strong>An\u00e4sthesie:<\/strong> Wird in der Regel unter Vollnarkose durchgef\u00fchrt.<\/li>\n\n\n\n<li><strong>Genesungsprozess:<\/strong> Der Patient wird innerhalb von 2 Stunden nach der Operation mobilisiert. Die Entlassung erfolgt in der Regel am n\u00e4chsten Tag.<\/li>\n\n\n\n<li><strong>Risiken:<\/strong> Das Infektionsrisiko ist vernachl\u00e4ssigbar gering. Der Genesungsprozess ist sehr schnell.<\/li>\n<\/ul>\n\n<hr class=\"wp-block-separator has-alpha-channel-opacity\"\/>\n\n<h3 class=\"wp-block-heading\"><strong>\u00dcbungen bei einem Bandscheibenvorfall<\/strong><\/h3>\n\n<p>(\u26a0\ufe0f Es wird empfohlen, vor jeder \u00dcbung einen Arzt zu konsultieren.)<\/p>\n\n<ul class=\"wp-block-list\">\n<li><strong>Beckenkippung:<\/strong> Eine Dehn\u00fcbung, bei der man auf dem R\u00fccken liegt und das Hohlkreuz gegen den Boden dr\u00fcckt.<\/li>\n\n\n\n<li><strong>Katze-Kuh-\u00dcbung:<\/strong> Eine Yoga-\u00dcbung auf H\u00e4nden und Knien, die die Wirbels\u00e4ule dehnt.<\/li>\n\n\n\n<li><strong>Br\u00fccken\u00fcbung:<\/strong> Anheben der H\u00fcfte in R\u00fcckenlage.<\/li>\n\n\n\n<li><strong>Knie-zur-Brust-Dehnung:<\/strong> Dehnen durch Heranziehen der Knie zur Brust in R\u00fcckenlage.<\/li>\n<\/ul>\n\n<hr class=\"wp-block-separator has-alpha-channel-opacity\"\/>\n\n<h3 class=\"wp-block-heading\"><strong>Fazit<\/strong><\/h3>\n\n<p>Ein Bandscheibenvorfall ist eine Erkrankung, die mit fr\u00fchzeitiger Diagnose und richtiger Behandlung ohne Beeintr\u00e4chtigung der Lebensqualit\u00e4t kontrolliert werden kann. In F\u00e4llen, die eine Operation erfordern, zeichnet sich die <strong>voll-endoskopische Bandscheibenoperation<\/strong> sowohl durch minimales Risiko als auch durch eine schnelle Genesungszeit aus.<\/p>\n\n<p><strong>Doz. Dr. Emir Kaan \u0130zci<\/strong> bietet im Krankenhaus der Ba\u015fkent Universit\u00e4t in Konya moderne und wirksame L\u00f6sungen im Bereich der Wirbels\u00e4ulengesundheit an. Wenn Sie einen Bandscheibenvorfall vermuten, k\u00f6nnen Sie sich f\u00fcr eine individuelle Untersuchung und einen Behandlungsplan an unsere Klinik wenden.<\/p>\n","protected":false},"excerpt":{"rendered":"<p>Was sind die Symptome eines Bandscheibenvorfalls? Wie wird ein Bandscheibenvorfall behandelt? Die Behandlung variiert je nach Schweregrad der Erkrankung: Operation und Nachsorge Voll-endoskopische Bandscheibenoperation (Full Endoscopic Discectomy) \u00dcbungen bei einem Bandscheibenvorfall (\u26a0\ufe0f Es wird empfohlen, vor jeder \u00dcbung einen Arzt zu konsultieren.) Fazit Ein Bandscheibenvorfall ist eine Erkrankung, die mit fr\u00fchzeitiger Diagnose und richtiger Behandlung [&hellip;]<\/p>\n","protected":false},"author":1,"featured_media":216,"parent":0,"menu_order":0,"comment_status":"closed","ping_status":"closed","template":"","meta":{"footnotes":""},"class_list":["post-381","page","type-page","status-publish","has-post-thumbnail","hentry"],"_links":{"self":[{"href":"https:\/\/emirkaanizci.com\/de\/wp-json\/wp\/v2\/pages\/381","targetHints":{"allow":["GET"]}}],"collection":[{"href":"https:\/\/emirkaanizci.com\/de\/wp-json\/wp\/v2\/pages"}],"about":[{"href":"https:\/\/emirkaanizci.com\/de\/wp-json\/wp\/v2\/types\/page"}],"author":[{"embeddable":true,"href":"https:\/\/emirkaanizci.com\/de\/wp-json\/wp\/v2\/users\/1"}],"replies":[{"embeddable":true,"href":"https:\/\/emirkaanizci.com\/de\/wp-json\/wp\/v2\/comments?post=381"}],"version-history":[{"count":1,"href":"https:\/\/emirkaanizci.com\/de\/wp-json\/wp\/v2\/pages\/381\/revisions"}],"predecessor-version":[{"id":382,"href":"https:\/\/emirkaanizci.com\/de\/wp-json\/wp\/v2\/pages\/381\/revisions\/382"}],"wp:featuredmedia":[{"embeddable":true,"href":"https:\/\/emirkaanizci.com\/de\/wp-json\/wp\/v2\/media\/216"}],"wp:attachment":[{"href":"https:\/\/emirkaanizci.com\/de\/wp-json\/wp\/v2\/media?parent=381"}],"curies":[{"name":"wp","href":"https:\/\/api.w.org\/{rel}","templated":true}]}}