{"id":387,"date":"2025-05-15T14:14:34","date_gmt":"2025-05-15T14:14:34","guid":{"rendered":"https:\/\/emirkaanizci.com\/halsbandscheibenvorfall-zervikaler-bandscheibenvorfall\/"},"modified":"2025-06-16T16:04:18","modified_gmt":"2025-06-16T16:04:18","slug":"halsbandscheibenvorfall-zervikaler-bandscheibenvorfall","status":"publish","type":"page","link":"https:\/\/emirkaanizci.com\/de\/halsbandscheibenvorfall-zervikaler-bandscheibenvorfall\/","title":{"rendered":"Halsbandscheibenvorfall (Zervikaler Bandscheibenvorfall)"},"content":{"rendered":"\n<figure class=\"wp-block-image size-large\"><img loading=\"lazy\" decoding=\"async\" width=\"1024\" height=\"521\" src=\"https:\/\/emirkaanizci.com\/wp-content\/uploads\/2025\/05\/emir-kaan-izci-beyin-cerrahi-konya-boyun-fitigi-1024x521.webp\" alt=\"Halsbandscheibenvorfall (Zervikaler Bandscheibenvorfall)\" class=\"wp-image-52\" title=\"\" srcset=\"https:\/\/emirkaanizci.com\/wp-content\/uploads\/2025\/05\/emir-kaan-izci-beyin-cerrahi-konya-boyun-fitigi-1024x521.webp 1024w, https:\/\/emirkaanizci.com\/wp-content\/uploads\/2025\/05\/emir-kaan-izci-beyin-cerrahi-konya-boyun-fitigi-300x153.webp 300w, https:\/\/emirkaanizci.com\/wp-content\/uploads\/2025\/05\/emir-kaan-izci-beyin-cerrahi-konya-boyun-fitigi-768x391.webp 768w, https:\/\/emirkaanizci.com\/wp-content\/uploads\/2025\/05\/emir-kaan-izci-beyin-cerrahi-konya-boyun-fitigi.webp 1180w\" sizes=\"auto, (max-width: 1024px) 100vw, 1024px\" \/><\/figure>\n\n<h3 class=\"wp-block-heading\"><strong>Was sind die Symptome eines Halsbandscheibenvorfalls?<\/strong><\/h3>\n\n<ul class=\"wp-block-list\">\n<li>Schmerzen und Steifheit im Nacken<\/li>\n\n\n\n<li>In die Schultern, Arme und H\u00e4nde ausstrahlende Schmerzen<\/li>\n\n\n\n<li>Taubheitsgef\u00fchl und Kribbeln in Arm und Hand<\/li>\n\n\n\n<li>Schmerzen, die sich bei Kopfbewegungen verst\u00e4rken<\/li>\n\n\n\n<li>Muskelschw\u00e4che, Fallenlassen von Gegenst\u00e4nden<\/li>\n\n\n\n<li>Schwindel, Gleichgewichtsst\u00f6rungen (bei manchen Patienten)<\/li>\n<\/ul>\n\n<hr class=\"wp-block-separator has-alpha-channel-opacity\"\/>\n\n<h3 class=\"wp-block-heading\"><strong>Wie wird ein Halsbandscheibenvorfall behandelt?<\/strong><\/h3>\n\n<p>Der Behandlungsplan wird individuell je nach Schweregrad der Erkrankung festgelegt:<\/p>\n\n<ul class=\"wp-block-list\">\n<li><strong>Medikamente:<\/strong> Schmerzmittel, Muskelrelaxantien, entz\u00fcndungshemmende Medikamente<\/li>\n\n\n\n<li><strong>Physiotherapie:<\/strong> Ultraschall, Traktion (Dehnung), TENS, W\u00e4rme-K\u00e4lte-Anwendungen<\/li>\n\n\n\n<li><strong>Verwendung einer Halskrause:<\/strong> Wird kurzfristig zur Schmerzlinderung empfohlen<\/li>\n\n\n\n<li><strong>\u00dcbungen:<\/strong> Bewegungen zur St\u00e4rkung der Nackenmuskulatur<\/li>\n<\/ul>\n\n<p>Bei starkem Nervendruck oder langanhaltenden Beschwerden wird eine chirurgische Behandlung empfohlen.<\/p>\n\n<hr class=\"wp-block-separator has-alpha-channel-opacity\"\/>\n\n<h3 class=\"wp-block-heading\"><strong>Operation und Nachsorge<\/strong><\/h3>\n\n<p><strong>Endoskopische zervikale Diskektomie (Vollst\u00e4ndig geschlossene Halsbandscheibenvorfall-Operation)<\/strong><\/p>\n\n<ul class=\"wp-block-list\">\n<li><strong>Technik:<\/strong> Durch einen minimalen Schnitt im Nackenbereich wird mit Hilfe eines Endoskops (Kamera) der Druck auf den Nerv beseitigt.<\/li>\n\n\n\n<li><strong>Vorteile:<\/strong> Erfolgt ohne Sch\u00e4digung von Muskeln und B\u00e4ndern, bietet eine schnelle Genesung und ein geringes Risiko.<\/li>\n\n\n\n<li><strong>Operationsdauer:<\/strong> Durchschnittlich 45\u201360 Minuten<\/li>\n\n\n\n<li><strong>An\u00e4sthesie:<\/strong> In der Regel Vollnarkose<\/li>\n\n\n\n<li><strong>Entlassung:<\/strong> Am selben oder am n\u00e4chsten Tag<\/li>\n<\/ul>\n\n<hr class=\"wp-block-separator has-alpha-channel-opacity\"\/>\n\n<h3 class=\"wp-block-heading\"><strong>\u00dcbungen bei einem Halsbandscheibenvorfall<\/strong><\/h3>\n\n<p>(\u26a0\ufe0f Mit den \u00dcbungen sollte nur nach \u00e4rztlicher Genehmigung begonnen werden.)<\/p>\n\n<ul class=\"wp-block-list\">\n<li><strong>Kinn zur Brust ziehen:<\/strong> Bei aufrechtem Kopf das Kinn sanft in Richtung Brust neigen<\/li>\n\n\n\n<li><strong>Kopf nach hinten schieben:<\/strong> Im aufrechten Sitz den Kopf leicht nach hinten schieben und halten<\/li>\n\n\n\n<li><strong>Schulterkreisen:<\/strong> Die Schultern nach vorne und hinten rollen, um Kreise zu zeichnen<\/li>\n\n\n\n<li><strong>Seitneigung:<\/strong> Den Kopf sanft nach rechts und links neigen, um die Nackenmuskulatur zu dehnen<\/li>\n<\/ul>\n\n<hr class=\"wp-block-separator has-alpha-channel-opacity\"\/>\n\n<h3 class=\"wp-block-heading\"><strong>Fazit<\/strong><\/h3>\n\n<p>Ein Halsbandscheibenvorfall ist heutzutage eine Erkrankung, die durch fr\u00fchzeitige Diagnose und einen individuellen Behandlungsplan erfolgreich behandelt werden kann. Die in fortgeschrittenen F\u00e4llen angewandte <strong>vollst\u00e4ndig geschlossene Halsbandscheibenvorfall-Operation<\/strong> bietet die M\u00f6glichkeit einer schnellen Genesung und gew\u00e4hrleistet gleichzeitig h\u00f6chsten Patientenkomfort.<\/p>\n\n<p><strong>Doz. Dr. Emir Kaan \u0130zci<\/strong> bietet im Krankenhaus der Ba\u015fkent Universit\u00e4t in Konya wirksame L\u00f6sungen f\u00fcr Halsbandscheibenvorf\u00e4lle mit modernen chirurgischen Techniken an. Wenn auch Sie unter langanhaltenden Nacken- und Armschmerzen leiden, k\u00f6nnen Sie sich f\u00fcr eine detaillierte Untersuchung an unsere Klinik wenden.<\/p>\n","protected":false},"excerpt":{"rendered":"<p>Was sind die Symptome eines Halsbandscheibenvorfalls? Wie wird ein Halsbandscheibenvorfall behandelt? Der Behandlungsplan wird individuell je nach Schweregrad der Erkrankung festgelegt: Bei starkem Nervendruck oder langanhaltenden Beschwerden wird eine chirurgische Behandlung empfohlen. Operation und Nachsorge Endoskopische zervikale Diskektomie (Vollst\u00e4ndig geschlossene Halsbandscheibenvorfall-Operation) \u00dcbungen bei einem Halsbandscheibenvorfall (\u26a0\ufe0f Mit den \u00dcbungen sollte nur nach \u00e4rztlicher Genehmigung begonnen [&hellip;]<\/p>\n","protected":false},"author":1,"featured_media":219,"parent":0,"menu_order":0,"comment_status":"closed","ping_status":"closed","template":"","meta":{"footnotes":""},"class_list":["post-387","page","type-page","status-publish","has-post-thumbnail","hentry"],"_links":{"self":[{"href":"https:\/\/emirkaanizci.com\/de\/wp-json\/wp\/v2\/pages\/387","targetHints":{"allow":["GET"]}}],"collection":[{"href":"https:\/\/emirkaanizci.com\/de\/wp-json\/wp\/v2\/pages"}],"about":[{"href":"https:\/\/emirkaanizci.com\/de\/wp-json\/wp\/v2\/types\/page"}],"author":[{"embeddable":true,"href":"https:\/\/emirkaanizci.com\/de\/wp-json\/wp\/v2\/users\/1"}],"replies":[{"embeddable":true,"href":"https:\/\/emirkaanizci.com\/de\/wp-json\/wp\/v2\/comments?post=387"}],"version-history":[{"count":1,"href":"https:\/\/emirkaanizci.com\/de\/wp-json\/wp\/v2\/pages\/387\/revisions"}],"predecessor-version":[{"id":388,"href":"https:\/\/emirkaanizci.com\/de\/wp-json\/wp\/v2\/pages\/387\/revisions\/388"}],"wp:featuredmedia":[{"embeddable":true,"href":"https:\/\/emirkaanizci.com\/de\/wp-json\/wp\/v2\/media\/219"}],"wp:attachment":[{"href":"https:\/\/emirkaanizci.com\/de\/wp-json\/wp\/v2\/media?parent=387"}],"curies":[{"name":"wp","href":"https:\/\/api.w.org\/{rel}","templated":true}]}}